{"id":421,"date":"2020-09-28T23:16:03","date_gmt":"2020-09-28T23:16:03","guid":{"rendered":"http:\/\/www.oxo.com.ar\/npv\/?page_id=421"},"modified":"2020-09-28T23:16:39","modified_gmt":"2020-09-28T23:16:39","slug":"winner-npfp-of-the-year-2020-americas","status":"publish","type":"page","link":"http:\/\/www.oxo.com.ar\/npv\/winner-npfp-of-the-year-2020-americas\/","title":{"rendered":"Winner NPFP of the Year 2020 &#8211; Americas"},"content":{"rendered":"<p><a href=\"http:\/\/www.oxo.com.ar\/npv\/wp-content\/uploads\/2020\/09\/npfp2020.jpg\"><img loading=\"lazy\" decoding=\"async\" class=\"alignnone size-full wp-image-422\" src=\"http:\/\/www.oxo.com.ar\/npv\/wp-content\/uploads\/2020\/09\/npfp2020.jpg\" alt=\"\" width=\"800\" height=\"779\" srcset=\"http:\/\/www.oxo.com.ar\/npv\/wp-content\/uploads\/2020\/09\/npfp2020.jpg 800w, http:\/\/www.oxo.com.ar\/npv\/wp-content\/uploads\/2020\/09\/npfp2020-300x292.jpg 300w, http:\/\/www.oxo.com.ar\/npv\/wp-content\/uploads\/2020\/09\/npfp2020-768x748.jpg 768w\" sizes=\"auto, (max-width: 800px) 100vw, 800px\" \/><\/a><\/p>\n<p>&nbsp;<\/p>\n<p>Oxobox fue la ganadora de la insignia Netflix Preferred Fulfillment Partner of the Year 2020 &#8211; Americas (standard volume).<\/p>\n<p>Oxobox: categor\u00eda de volumen est\u00e1ndar, con una tasa de reentrega del 0,62% y una tasa de puntualidad del 99,8%, seg\u00fan el rendimiento de las entregas entre junio de 2019 y junio de 2020<\/p>\n<p>No ha sido un a\u00f1o f\u00e1cil para muchos de nosotros, independientemente de d\u00f3nde se encuentre en el mundo.<\/p>\n<p>El programa Netflix Preferred Fulfillment Partner (NPFP) representa una red mundial de empresas de distribuci\u00f3n de medios de \u00e9lite.<br \/>\nDespu\u00e9s de cumplir con est\u00e1ndares estrictos que van desde las habilidades t\u00e9cnicas hasta la gesti\u00f3n de proyectos, los socios principales obtienen la insignia NPFP.<\/p>\n<p>Portar esta insignia exige excelencia y se mide peri\u00f3dicamente mediante indicadores clave de rendimiento. La calidad de nuestros procesos sobre los activos ( Assets ) en el servicio de Netflix es un testimonio del \u00e9xito de Oxobox en todo el mundo.<\/p>\n<p>Queremos decir: \u00a1Gracias a todos nuestros clientes por este destacado trabajo y enhorabuena! \u00a1Esta insignia es de todos ustedes tambi\u00e9n!<\/p>\n","protected":false},"excerpt":{"rendered":"<p>&nbsp; Oxobox fue la ganadora de la insignia Netflix Preferred Fulfillment Partner of the Year 2020 &#8211; Americas (standard volume). Oxobox: categor\u00eda de volumen est\u00e1ndar, con una tasa de reentrega del 0,62% y una tasa de puntualidad del 99,8%, seg\u00fan el rendimiento de las entregas entre junio de 2019 y junio de 2020 No ha [&hellip;]<\/p>\n","protected":false},"author":1,"featured_media":0,"parent":0,"menu_order":0,"comment_status":"closed","ping_status":"closed","template":"","meta":{"footnotes":""},"categories":[],"tags":[],"class_list":["post-421","page","type-page","status-publish","hentry"],"_links":{"self":[{"href":"http:\/\/www.oxo.com.ar\/npv\/wp-json\/wp\/v2\/pages\/421","targetHints":{"allow":["GET"]}}],"collection":[{"href":"http:\/\/www.oxo.com.ar\/npv\/wp-json\/wp\/v2\/pages"}],"about":[{"href":"http:\/\/www.oxo.com.ar\/npv\/wp-json\/wp\/v2\/types\/page"}],"author":[{"embeddable":true,"href":"http:\/\/www.oxo.com.ar\/npv\/wp-json\/wp\/v2\/users\/1"}],"replies":[{"embeddable":true,"href":"http:\/\/www.oxo.com.ar\/npv\/wp-json\/wp\/v2\/comments?post=421"}],"version-history":[{"count":1,"href":"http:\/\/www.oxo.com.ar\/npv\/wp-json\/wp\/v2\/pages\/421\/revisions"}],"predecessor-version":[{"id":423,"href":"http:\/\/www.oxo.com.ar\/npv\/wp-json\/wp\/v2\/pages\/421\/revisions\/423"}],"wp:attachment":[{"href":"http:\/\/www.oxo.com.ar\/npv\/wp-json\/wp\/v2\/media?parent=421"}],"wp:term":[{"taxonomy":"category","embeddable":true,"href":"http:\/\/www.oxo.com.ar\/npv\/wp-json\/wp\/v2\/categories?post=421"},{"taxonomy":"post_tag","embeddable":true,"href":"http:\/\/www.oxo.com.ar\/npv\/wp-json\/wp\/v2\/tags?post=421"}],"curies":[{"name":"wp","href":"https:\/\/api.w.org\/{rel}","templated":true}]}}